{"id":46212,"date":"2024-11-07T19:42:57","date_gmt":"2024-11-07T19:42:57","guid":{"rendered":"https:\/\/mauritianfoodsonline.com\/product\/liten-lok\/"},"modified":"2025-05-13T09:29:26","modified_gmt":"2025-05-13T09:29:26","slug":"liten-lok","status":"publish","type":"product","link":"https:\/\/mauritianfoodsonline.com\/sv\/product\/liten-lok\/","title":{"rendered":"Small Onion"},"content":{"rendered":"<p>Babyl\u00f6kar, \u00e4ven k\u00e4nda som &#8221;p\u00e4rll\u00f6k&#8221; eller &#8221;sm\u00e5 l\u00f6kar&#8221;, \u00e4r en mindre sorts l\u00f6k (Allium cepa). De tros ha sitt ursprung i Medelhavsomr\u00e5det, som omfattar delar av Europa, Nordafrika och v\u00e4stra Asien. <\/p>\n<p>L\u00f6k i allm\u00e4nhet har en l\u00e5ng odlingshistoria, med bevis som tyder p\u00e5 att den var en av de tidigaste gr\u00f6nsakerna som odlades av m\u00e4nniskor, och g\u00e5r tillbaka till forntida civilisationer som egyptierna, grekerna och romarna. Specifikt sm\u00e5 l\u00f6kar, p\u00e5 grund av sin storlek och s\u00f6tma, utvecklades sannolikt \u00f6ver tid genom selektiv avel f\u00f6r sin milda smak och praktiska storlek. <\/p>\n<p>Medan l\u00f6k numera odlas globalt \u00e4r det exakta ursprunget f\u00f6r de mindre sorterna som babyl\u00f6k sv\u00e5rare att fastst\u00e4lla. De f\u00f6rknippas dock ofta med europeisk och medelhavsmatlagning, d\u00e4r de ofta anv\u00e4nds i inl\u00e4ggning, grytor och garnering. <\/p>\n","protected":false},"excerpt":{"rendered":"<p>Ursprungsland <strong>: Europa, Nordafrika och v\u00e4stra Asien<\/strong><\/p>\n<p> <strong>Cirka<\/strong> <strong>500 g per f\u00f6rpackning<\/strong><\/p>\n","protected":false},"featured_media":41424,"comment_status":"open","ping_status":"closed","template":"","meta":{"_acf_changed":false},"special-offers":[],"product_brand":[],"product_cat":[17],"product_tag":[343],"class_list":{"0":"post-46212","1":"product","2":"type-product","3":"status-publish","4":"has-post-thumbnail","6":"product_cat-food-cupboard","7":"product_tag-curry-leaves-5","9":"first","10":"instock","11":"taxable","12":"shipping-taxable","13":"purchasable","14":"product-type-simple","15":"add-to-wishlist-before_image"},"acf":[],"yoast_head":"<!-- This site is optimized with the Yoast SEO plugin v27.4 - https:\/\/yoast.com\/product\/yoast-seo-wordpress\/ -->\n<title>Small Onion - Mauritian Foods Online<\/title>\n<meta name=\"description\" content=\"Babyl\u00f6kar, \u00e4ven k\u00e4nda som &quot;p\u00e4rll\u00f6k&quot; eller &quot;sm\u00e5 l\u00f6kar&quot;, \u00e4r en mindre sorts l\u00f6k (Allium cepa). De tros ha sitt ursprung i Medelhavsregionen, som inkluderar delar av Europa, Nordafrika och v\u00e4stra Asien. L\u00f6k i allm\u00e4nhet har en l\u00e5ng odlingshistoria, med bevis som tyder p\u00e5 att de var en av de tidigaste gr\u00f6nsakerna som odlades av m\u00e4nniskor, och g\u00e5r tillbaka till forntida civilisationer som egyptierna, grekerna och romarna. Specifikt babyl\u00f6kar, p\u00e5 grund av sin storlek och s\u00f6tma, utvecklades sannolikt \u00f6ver tid genom selektiv avel f\u00f6r sin milda smak och praktiska storlek. Medan l\u00f6k nu odlas globalt \u00e4r det exakta ursprunget f\u00f6r de mindre sorterna som babyl\u00f6kar sv\u00e5rare att fastst\u00e4lla. De f\u00f6rknippas dock ofta med europeisk och medelhavsmatlagning, d\u00e4r de ofta anv\u00e4nds i inl\u00e4ggning, grytor och garnering.\" \/>\n<meta name=\"robots\" content=\"index, follow, max-snippet:-1, max-image-preview:large, max-video-preview:-1\" \/>\n<link rel=\"canonical\" href=\"https:\/\/mauritianfoodsonline.com\/sv\/product\/liten-lok\/\" \/>\n<meta property=\"og:locale\" content=\"sv_SE\" \/>\n<meta property=\"og:type\" content=\"article\" \/>\n<meta property=\"og:title\" content=\"Small Onion - Mauritian Foods Online\" \/>\n<meta property=\"og:description\" content=\"Babyl\u00f6kar, \u00e4ven k\u00e4nda som &quot;p\u00e4rll\u00f6k&quot; eller &quot;sm\u00e5 l\u00f6kar&quot;, \u00e4r en mindre sorts l\u00f6k (Allium cepa). De tros ha sitt ursprung i Medelhavsregionen, som inkluderar delar av Europa, Nordafrika och v\u00e4stra Asien. L\u00f6k i allm\u00e4nhet har en l\u00e5ng odlingshistoria, med bevis som tyder p\u00e5 att de var en av de tidigaste gr\u00f6nsakerna som odlades av m\u00e4nniskor, och g\u00e5r tillbaka till forntida civilisationer som egyptierna, grekerna och romarna. Specifikt babyl\u00f6kar, p\u00e5 grund av sin storlek och s\u00f6tma, utvecklades sannolikt \u00f6ver tid genom selektiv avel f\u00f6r sin milda smak och praktiska storlek. Medan l\u00f6k nu odlas globalt \u00e4r det exakta ursprunget f\u00f6r de mindre sorterna som babyl\u00f6kar sv\u00e5rare att fastst\u00e4lla. De f\u00f6rknippas dock ofta med europeisk och medelhavsmatlagning, d\u00e4r de ofta anv\u00e4nds i inl\u00e4ggning, grytor och garnering.\" \/>\n<meta property=\"og:url\" content=\"https:\/\/mauritianfoodsonline.com\/sv\/product\/liten-lok\/\" \/>\n<meta property=\"og:site_name\" content=\"Mauritian Foods Online\" \/>\n<meta property=\"article:publisher\" content=\"https:\/\/www.facebook.com\/mauritianfoodsonlineuk\/\" \/>\n<meta property=\"article:modified_time\" content=\"2025-05-13T09:29:26+00:00\" \/>\n<meta property=\"og:image\" content=\"https:\/\/mauritianfoodsonline.com\/wp-content\/uploads\/2024\/11\/shallots-1-1_11zon.jpg\" \/>\n\t<meta property=\"og:image:width\" content=\"1500\" \/>\n\t<meta property=\"og:image:height\" content=\"2250\" \/>\n\t<meta property=\"og:image:type\" content=\"image\/jpeg\" \/>\n<meta name=\"twitter:card\" content=\"summary_large_image\" \/>\n<meta name=\"twitter:site\" content=\"@mauritian_foods\" \/>\n<meta name=\"twitter:label1\" content=\"Ber\u00e4knad l\u00e4stid\" \/>\n\t<meta name=\"twitter:data1\" content=\"1 minut\" \/>\n<script type=\"application\/ld+json\" class=\"yoast-schema-graph\">{\"@context\":\"https:\\\/\\\/schema.org\",\"@graph\":[{\"@type\":\"WebPage\",\"@id\":\"https:\\\/\\\/mauritianfoodsonline.com\\\/sv\\\/product\\\/liten-lok\\\/\",\"url\":\"https:\\\/\\\/mauritianfoodsonline.com\\\/sv\\\/product\\\/liten-lok\\\/\",\"name\":\"Small Onion - Mauritian Foods Online\",\"isPartOf\":{\"@id\":\"https:\\\/\\\/mauritianfoodsonline.com\\\/#website\"},\"primaryImageOfPage\":{\"@id\":\"https:\\\/\\\/mauritianfoodsonline.com\\\/sv\\\/product\\\/liten-lok\\\/#primaryimage\"},\"image\":{\"@id\":\"https:\\\/\\\/mauritianfoodsonline.com\\\/sv\\\/product\\\/liten-lok\\\/#primaryimage\"},\"thumbnailUrl\":\"https:\\\/\\\/mauritianfoodsonline.com\\\/wp-content\\\/uploads\\\/2024\\\/11\\\/shallots-1-1_11zon.jpg\",\"datePublished\":\"2024-11-07T19:42:57+00:00\",\"dateModified\":\"2025-05-13T09:29:26+00:00\",\"description\":\"Babyl\u00f6kar, \u00e4ven k\u00e4nda som \\\"p\u00e4rll\u00f6k\\\" eller \\\"sm\u00e5 l\u00f6kar\\\", \u00e4r en mindre sorts l\u00f6k (Allium cepa). De tros ha sitt ursprung i Medelhavsregionen, som inkluderar delar av Europa, Nordafrika och v\u00e4stra Asien. L\u00f6k i allm\u00e4nhet har en l\u00e5ng odlingshistoria, med bevis som tyder p\u00e5 att de var en av de tidigaste gr\u00f6nsakerna som odlades av m\u00e4nniskor, och g\u00e5r tillbaka till forntida civilisationer som egyptierna, grekerna och romarna. Specifikt babyl\u00f6kar, p\u00e5 grund av sin storlek och s\u00f6tma, utvecklades sannolikt \u00f6ver tid genom selektiv avel f\u00f6r sin milda smak och praktiska storlek. Medan l\u00f6k nu odlas globalt \u00e4r det exakta ursprunget f\u00f6r de mindre sorterna som babyl\u00f6kar sv\u00e5rare att fastst\u00e4lla. De f\u00f6rknippas dock ofta med europeisk och medelhavsmatlagning, d\u00e4r de ofta anv\u00e4nds i inl\u00e4ggning, grytor och garnering.\",\"breadcrumb\":{\"@id\":\"https:\\\/\\\/mauritianfoodsonline.com\\\/sv\\\/product\\\/liten-lok\\\/#breadcrumb\"},\"inLanguage\":\"sv-SE\",\"potentialAction\":[{\"@type\":\"ReadAction\",\"target\":[\"https:\\\/\\\/mauritianfoodsonline.com\\\/sv\\\/product\\\/liten-lok\\\/\"]}]},{\"@type\":\"ImageObject\",\"inLanguage\":\"sv-SE\",\"@id\":\"https:\\\/\\\/mauritianfoodsonline.com\\\/sv\\\/product\\\/liten-lok\\\/#primaryimage\",\"url\":\"https:\\\/\\\/mauritianfoodsonline.com\\\/wp-content\\\/uploads\\\/2024\\\/11\\\/shallots-1-1_11zon.jpg\",\"contentUrl\":\"https:\\\/\\\/mauritianfoodsonline.com\\\/wp-content\\\/uploads\\\/2024\\\/11\\\/shallots-1-1_11zon.jpg\",\"width\":1500,\"height\":2250},{\"@type\":\"BreadcrumbList\",\"@id\":\"https:\\\/\\\/mauritianfoodsonline.com\\\/sv\\\/product\\\/liten-lok\\\/#breadcrumb\",\"itemListElement\":[{\"@type\":\"ListItem\",\"position\":1,\"name\":\"Home\",\"item\":\"https:\\\/\\\/mauritianfoodsonline.com\\\/sv\\\/\"},{\"@type\":\"ListItem\",\"position\":2,\"name\":\"Butik\",\"item\":\"https:\\\/\\\/mauritianfoodsonline.com\\\/sv\\\/butik\\\/\"},{\"@type\":\"ListItem\",\"position\":3,\"name\":\"Small Onion\"}]},{\"@type\":\"WebSite\",\"@id\":\"https:\\\/\\\/mauritianfoodsonline.com\\\/#website\",\"url\":\"https:\\\/\\\/mauritianfoodsonline.com\\\/\",\"name\":\"Mauritian Foods Online\",\"description\":\"Online\",\"publisher\":{\"@id\":\"https:\\\/\\\/mauritianfoodsonline.com\\\/#organization\"},\"potentialAction\":[{\"@type\":\"SearchAction\",\"target\":{\"@type\":\"EntryPoint\",\"urlTemplate\":\"https:\\\/\\\/mauritianfoodsonline.com\\\/?s={search_term_string}\"},\"query-input\":{\"@type\":\"PropertyValueSpecification\",\"valueRequired\":true,\"valueName\":\"search_term_string\"}}],\"inLanguage\":\"sv-SE\"},{\"@type\":\"Organization\",\"@id\":\"https:\\\/\\\/mauritianfoodsonline.com\\\/#organization\",\"name\":\"Mauritian Foods Online\",\"url\":\"https:\\\/\\\/mauritianfoodsonline.com\\\/\",\"logo\":{\"@type\":\"ImageObject\",\"inLanguage\":\"sv-SE\",\"@id\":\"https:\\\/\\\/mauritianfoodsonline.com\\\/#\\\/schema\\\/logo\\\/image\\\/\",\"url\":\"https:\\\/\\\/mauritianfoodsonline.com\\\/wp-content\\\/uploads\\\/2024\\\/11\\\/svgviewer-png-output-1.png\",\"contentUrl\":\"https:\\\/\\\/mauritianfoodsonline.com\\\/wp-content\\\/uploads\\\/2024\\\/11\\\/svgviewer-png-output-1.png\",\"width\":106,\"height\":109,\"caption\":\"Mauritian Foods Online\"},\"image\":{\"@id\":\"https:\\\/\\\/mauritianfoodsonline.com\\\/#\\\/schema\\\/logo\\\/image\\\/\"},\"sameAs\":[\"https:\\\/\\\/www.facebook.com\\\/mauritianfoodsonlineuk\\\/\",\"https:\\\/\\\/x.com\\\/mauritian_foods\",\"https:\\\/\\\/www.instagram.com\\\/mauritianfoodsonline\\\/#\"]}]}<\/script>\n<!-- \/ Yoast SEO plugin. -->","yoast_head_json":{"title":"Small Onion - Mauritian Foods Online","description":"Babyl\u00f6kar, \u00e4ven k\u00e4nda som \"p\u00e4rll\u00f6k\" eller \"sm\u00e5 l\u00f6kar\", \u00e4r en mindre sorts l\u00f6k (Allium cepa). De tros ha sitt ursprung i Medelhavsregionen, som inkluderar delar av Europa, Nordafrika och v\u00e4stra Asien. L\u00f6k i allm\u00e4nhet har en l\u00e5ng odlingshistoria, med bevis som tyder p\u00e5 att de var en av de tidigaste gr\u00f6nsakerna som odlades av m\u00e4nniskor, och g\u00e5r tillbaka till forntida civilisationer som egyptierna, grekerna och romarna. Specifikt babyl\u00f6kar, p\u00e5 grund av sin storlek och s\u00f6tma, utvecklades sannolikt \u00f6ver tid genom selektiv avel f\u00f6r sin milda smak och praktiska storlek. Medan l\u00f6k nu odlas globalt \u00e4r det exakta ursprunget f\u00f6r de mindre sorterna som babyl\u00f6kar sv\u00e5rare att fastst\u00e4lla. De f\u00f6rknippas dock ofta med europeisk och medelhavsmatlagning, d\u00e4r de ofta anv\u00e4nds i inl\u00e4ggning, grytor och garnering.","robots":{"index":"index","follow":"follow","max-snippet":"max-snippet:-1","max-image-preview":"max-image-preview:large","max-video-preview":"max-video-preview:-1"},"canonical":"https:\/\/mauritianfoodsonline.com\/sv\/product\/liten-lok\/","og_locale":"sv_SE","og_type":"article","og_title":"Small Onion - Mauritian Foods Online","og_description":"Babyl\u00f6kar, \u00e4ven k\u00e4nda som \"p\u00e4rll\u00f6k\" eller \"sm\u00e5 l\u00f6kar\", \u00e4r en mindre sorts l\u00f6k (Allium cepa). De tros ha sitt ursprung i Medelhavsregionen, som inkluderar delar av Europa, Nordafrika och v\u00e4stra Asien. L\u00f6k i allm\u00e4nhet har en l\u00e5ng odlingshistoria, med bevis som tyder p\u00e5 att de var en av de tidigaste gr\u00f6nsakerna som odlades av m\u00e4nniskor, och g\u00e5r tillbaka till forntida civilisationer som egyptierna, grekerna och romarna. Specifikt babyl\u00f6kar, p\u00e5 grund av sin storlek och s\u00f6tma, utvecklades sannolikt \u00f6ver tid genom selektiv avel f\u00f6r sin milda smak och praktiska storlek. Medan l\u00f6k nu odlas globalt \u00e4r det exakta ursprunget f\u00f6r de mindre sorterna som babyl\u00f6kar sv\u00e5rare att fastst\u00e4lla. De f\u00f6rknippas dock ofta med europeisk och medelhavsmatlagning, d\u00e4r de ofta anv\u00e4nds i inl\u00e4ggning, grytor och garnering.","og_url":"https:\/\/mauritianfoodsonline.com\/sv\/product\/liten-lok\/","og_site_name":"Mauritian Foods Online","article_publisher":"https:\/\/www.facebook.com\/mauritianfoodsonlineuk\/","article_modified_time":"2025-05-13T09:29:26+00:00","og_image":[{"width":1500,"height":2250,"url":"https:\/\/mauritianfoodsonline.com\/wp-content\/uploads\/2024\/11\/shallots-1-1_11zon.jpg","type":"image\/jpeg"}],"twitter_card":"summary_large_image","twitter_site":"@mauritian_foods","twitter_misc":{"Ber\u00e4knad l\u00e4stid":"1 minut"},"schema":{"@context":"https:\/\/schema.org","@graph":[{"@type":"WebPage","@id":"https:\/\/mauritianfoodsonline.com\/sv\/product\/liten-lok\/","url":"https:\/\/mauritianfoodsonline.com\/sv\/product\/liten-lok\/","name":"Small Onion - Mauritian Foods Online","isPartOf":{"@id":"https:\/\/mauritianfoodsonline.com\/#website"},"primaryImageOfPage":{"@id":"https:\/\/mauritianfoodsonline.com\/sv\/product\/liten-lok\/#primaryimage"},"image":{"@id":"https:\/\/mauritianfoodsonline.com\/sv\/product\/liten-lok\/#primaryimage"},"thumbnailUrl":"https:\/\/mauritianfoodsonline.com\/wp-content\/uploads\/2024\/11\/shallots-1-1_11zon.jpg","datePublished":"2024-11-07T19:42:57+00:00","dateModified":"2025-05-13T09:29:26+00:00","description":"Babyl\u00f6kar, \u00e4ven k\u00e4nda som \"p\u00e4rll\u00f6k\" eller \"sm\u00e5 l\u00f6kar\", \u00e4r en mindre sorts l\u00f6k (Allium cepa). De tros ha sitt ursprung i Medelhavsregionen, som inkluderar delar av Europa, Nordafrika och v\u00e4stra Asien. L\u00f6k i allm\u00e4nhet har en l\u00e5ng odlingshistoria, med bevis som tyder p\u00e5 att de var en av de tidigaste gr\u00f6nsakerna som odlades av m\u00e4nniskor, och g\u00e5r tillbaka till forntida civilisationer som egyptierna, grekerna och romarna. Specifikt babyl\u00f6kar, p\u00e5 grund av sin storlek och s\u00f6tma, utvecklades sannolikt \u00f6ver tid genom selektiv avel f\u00f6r sin milda smak och praktiska storlek. Medan l\u00f6k nu odlas globalt \u00e4r det exakta ursprunget f\u00f6r de mindre sorterna som babyl\u00f6kar sv\u00e5rare att fastst\u00e4lla. De f\u00f6rknippas dock ofta med europeisk och medelhavsmatlagning, d\u00e4r de ofta anv\u00e4nds i inl\u00e4ggning, grytor och garnering.","breadcrumb":{"@id":"https:\/\/mauritianfoodsonline.com\/sv\/product\/liten-lok\/#breadcrumb"},"inLanguage":"sv-SE","potentialAction":[{"@type":"ReadAction","target":["https:\/\/mauritianfoodsonline.com\/sv\/product\/liten-lok\/"]}]},{"@type":"ImageObject","inLanguage":"sv-SE","@id":"https:\/\/mauritianfoodsonline.com\/sv\/product\/liten-lok\/#primaryimage","url":"https:\/\/mauritianfoodsonline.com\/wp-content\/uploads\/2024\/11\/shallots-1-1_11zon.jpg","contentUrl":"https:\/\/mauritianfoodsonline.com\/wp-content\/uploads\/2024\/11\/shallots-1-1_11zon.jpg","width":1500,"height":2250},{"@type":"BreadcrumbList","@id":"https:\/\/mauritianfoodsonline.com\/sv\/product\/liten-lok\/#breadcrumb","itemListElement":[{"@type":"ListItem","position":1,"name":"Home","item":"https:\/\/mauritianfoodsonline.com\/sv\/"},{"@type":"ListItem","position":2,"name":"Butik","item":"https:\/\/mauritianfoodsonline.com\/sv\/butik\/"},{"@type":"ListItem","position":3,"name":"Small Onion"}]},{"@type":"WebSite","@id":"https:\/\/mauritianfoodsonline.com\/#website","url":"https:\/\/mauritianfoodsonline.com\/","name":"Mauritian Foods Online","description":"Online","publisher":{"@id":"https:\/\/mauritianfoodsonline.com\/#organization"},"potentialAction":[{"@type":"SearchAction","target":{"@type":"EntryPoint","urlTemplate":"https:\/\/mauritianfoodsonline.com\/?s={search_term_string}"},"query-input":{"@type":"PropertyValueSpecification","valueRequired":true,"valueName":"search_term_string"}}],"inLanguage":"sv-SE"},{"@type":"Organization","@id":"https:\/\/mauritianfoodsonline.com\/#organization","name":"Mauritian Foods Online","url":"https:\/\/mauritianfoodsonline.com\/","logo":{"@type":"ImageObject","inLanguage":"sv-SE","@id":"https:\/\/mauritianfoodsonline.com\/#\/schema\/logo\/image\/","url":"https:\/\/mauritianfoodsonline.com\/wp-content\/uploads\/2024\/11\/svgviewer-png-output-1.png","contentUrl":"https:\/\/mauritianfoodsonline.com\/wp-content\/uploads\/2024\/11\/svgviewer-png-output-1.png","width":106,"height":109,"caption":"Mauritian Foods Online"},"image":{"@id":"https:\/\/mauritianfoodsonline.com\/#\/schema\/logo\/image\/"},"sameAs":["https:\/\/www.facebook.com\/mauritianfoodsonlineuk\/","https:\/\/x.com\/mauritian_foods","https:\/\/www.instagram.com\/mauritianfoodsonline\/#"]}]}},"_links":{"self":[{"href":"https:\/\/mauritianfoodsonline.com\/sv\/wp-json\/wp\/v2\/product\/46212","targetHints":{"allow":["GET"]}}],"collection":[{"href":"https:\/\/mauritianfoodsonline.com\/sv\/wp-json\/wp\/v2\/product"}],"about":[{"href":"https:\/\/mauritianfoodsonline.com\/sv\/wp-json\/wp\/v2\/types\/product"}],"replies":[{"embeddable":true,"href":"https:\/\/mauritianfoodsonline.com\/sv\/wp-json\/wp\/v2\/comments?post=46212"}],"wp:featuredmedia":[{"embeddable":true,"href":"https:\/\/mauritianfoodsonline.com\/sv\/wp-json\/wp\/v2\/media\/41424"}],"wp:attachment":[{"href":"https:\/\/mauritianfoodsonline.com\/sv\/wp-json\/wp\/v2\/media?parent=46212"}],"wp:term":[{"taxonomy":"special-offers","embeddable":true,"href":"https:\/\/mauritianfoodsonline.com\/sv\/wp-json\/wp\/v2\/special-offers?post=46212"},{"taxonomy":"product_brand","embeddable":true,"href":"https:\/\/mauritianfoodsonline.com\/sv\/wp-json\/wp\/v2\/product_brand?post=46212"},{"taxonomy":"product_cat","embeddable":true,"href":"https:\/\/mauritianfoodsonline.com\/sv\/wp-json\/wp\/v2\/product_cat?post=46212"},{"taxonomy":"product_tag","embeddable":true,"href":"https:\/\/mauritianfoodsonline.com\/sv\/wp-json\/wp\/v2\/product_tag?post=46212"}],"curies":[{"name":"wp","href":"https:\/\/api.w.org\/{rel}","templated":true}]}}